{"id":27480,"date":"2024-10-29T10:54:01","date_gmt":"2024-10-29T10:54:01","guid":{"rendered":"https:\/\/hurtado.c.wetopi.com\/datenschutzerklaerung\/"},"modified":"2025-02-07T17:19:04","modified_gmt":"2025-02-07T17:19:04","slug":"datenschutzerklaerung","status":"publish","type":"page","link":"https:\/\/hurtadoestates.com\/de\/datenschutzerklaerung\/","title":{"rendered":"Datenschutzerkl\u00e4rung"},"content":{"rendered":"\t\t<div data-elementor-type=\"wp-page\" data-elementor-id=\"27480\" class=\"elementor elementor-27480 elementor-18153\">\n\t\t\t\t<div class=\"elementor-element elementor-element-69b17942 e-flex e-con-boxed e-con e-parent\" data-id=\"69b17942\" data-element_type=\"container\">\n\t\t\t\t\t<div class=\"e-con-inner\">\n\t\t\t\t<div class=\"elementor-element elementor-element-44ccd02 elementor-widget elementor-widget-heading\" data-id=\"44ccd02\" data-element_type=\"widget\" data-widget_type=\"heading.default\">\n\t\t\t\t<div class=\"elementor-widget-container\">\n\t\t\t<h1 class=\"elementor-heading-title elementor-size-default\">Datenschutzerkl\u00e4rung<\/h1>\t\t<\/div>\n\t\t\t\t<\/div>\n\t\t\t\t<div class=\"elementor-element elementor-element-6989bd2e elementor-widget elementor-widget-text-editor\" data-id=\"6989bd2e\" data-element_type=\"widget\" data-widget_type=\"text-editor.default\">\n\t\t\t\t<div class=\"elementor-widget-container\">\n\t\t\t\t\t\t\t<p>Diese Datenschutzrichtlinie regelt die Art und Weise, in der <em><strong>Hurtado Estates<\/strong><\/em> die von den Nutzern (jeweils ein &#8222;Nutzer&#8220;) der Website (&#8222;Website&#8220;) gesammelten Informationen sammelt, verwendet, pflegt und offenlegt. <\/p>\n<p>Diese Datenschutzrichtlinie gilt f\u00fcr die Website und alle von <em><strong>Hurtado Estates<\/strong><\/em> angebotenen Produkte und Dienstleistungen.<\/p>\n<p><strong>Pers\u00f6nlich identifizierbare Informationen<\/strong><\/p>\n<p> Wir k\u00f6nnen pers\u00f6nlich identifizierbare Informationen von Nutzern auf verschiedene Weise in Verbindung mit den Aktivit\u00e4ten, Dienstleistungen, Funktionen oder Ressourcen, die wir auf unserer Website zur Verf\u00fcgung stellen, sammeln. Benutzer k\u00f6nnen unsere Website anonym besuchen. Wir erfassen personenbezogene Daten von Nutzern nur dann, wenn sie uns solche Daten freiwillig \u00fcbermitteln. <\/p>\n<p>Die Benutzer k\u00f6nnen sich jederzeit weigern, uns personenbezogene Daten zu \u00fcbermitteln, es sei denn, dies kann sie daran hindern, an bestimmten Aktivit\u00e4ten im Zusammenhang mit der Website teilzunehmen.<\/p>\n<p><strong>Nicht personenbezogene Daten<\/strong><\/p>\n<p> Wir k\u00f6nnen nicht personenbezogene Daten \u00fcber die Benutzer sammeln, wenn diese mit unserer Website interagieren. <\/p>\n<p>Zu den nicht pers\u00f6nlich identifizierbaren Informationen geh\u00f6ren der Name des Browsers, der Computertyp und technische Informationen \u00fcber die Art der Verbindung zu unserer Website, wie z. B. das verwendete Betriebssystem, der verwendete Internetdienstanbieter und andere \u00e4hnliche Informationen.<\/p>\n<p><strong>Cookies vom Webbrowser<\/strong><\/p>\n<p> Unsere Website kann &#8222;Cookies&#8220; verwenden, um die Erfahrung des Benutzers zu verbessern. Der Webbrowser des Nutzers platziert Cookies auf seiner Festplatte, um Daten zu speichern und manchmal auch, um Informationen \u00fcber den Nutzer zu verfolgen. Die Nutzer k\u00f6nnen ihren Webbrowser so einstellen, dass er Cookies ablehnt oder sie warnt, wenn Cookies gesendet werden. <\/p>\n<p>Wenn dies der Fall ist, beachten Sie bitte, dass einige Teile der Website m\u00f6glicherweise nicht ordnungsgem\u00e4\u00df funktionieren.<\/p>\n<p><strong>Wie wir Ihre Informationen sch\u00fctzen<\/strong><\/p>\n<p> Wir wenden angemessene Verfahren zur Datenerfassung, -speicherung und -verarbeitung sowie Sicherheitsma\u00dfnahmen an, um Ihre pers\u00f6nlichen Informationen, Ihren Benutzernamen, Ihr Passwort, Ihre Transaktionsdaten und die auf unserer Website gespeicherten Daten vor unbefugtem Zugriff, Ver\u00e4nderung, Offenlegung oder Zerst\u00f6rung zu sch\u00fctzen.<\/p>\n<p><strong><\/strong><\/p>\n<p>W<\/p>\n<p><strong>eitergabe Ihrer pers\u00f6nlichen Daten<\/strong><\/p>\n<p> Wir verkaufen, tauschen oder vermieten die pers\u00f6nlichen Daten der Benutzer nicht an Dritte. <\/p>\n<p>Wir k\u00f6nnen allgemeine, zusammengefasste demografische Informationen, die nicht mit pers\u00f6nlichen Identifikationsdaten \u00fcber Besucher und Benutzer verkn\u00fcpft sind, an unsere Gesch\u00e4ftspartner, vertrauensw\u00fcrdige Tochtergesellschaften und Werbetreibende zu den oben beschriebenen Zwecken weitergeben.<\/p>\n<p><strong>\u00c4nderungen an dieser Datenschutzrichtlinie<\/strong><\/p>\n<p> Hurtado<em><strong>Estates<\/strong><\/em> kann diese Datenschutzrichtlinie jederzeit aktualisieren. Wenn wir dies tun, werden wir das aktualisierte Datum am Ende dieser Seite angeben. Wir empfehlen unseren Nutzern, diese Seite regelm\u00e4\u00dfig auf \u00c4nderungen zu \u00fcberpr\u00fcfen, um dar\u00fcber informiert zu bleiben, wie wir die von uns erfassten pers\u00f6nlichen Daten sch\u00fctzen. <\/p>\n<p>Sie erkennen an und stimmen zu, dass es in Ihrer Verantwortung liegt, diese Datenschutzrichtlinie regelm\u00e4\u00dfig zu \u00fcberpr\u00fcfen und sich \u00fcber \u00c4nderungen zu informieren.<\/p>\n<p><strong>Ihre Zustimmung zu diesen Bedingungen<\/strong><\/p>\n<p> Durch die Nutzung dieser Website erkl\u00e4ren Sie sich mit dieser Richtlinie einverstanden. Wenn Sie mit dieser Richtlinie nicht einverstanden sind, d\u00fcrfen Sie unsere Website nicht nutzen. Ihre fortgesetzte Nutzung der Website nach der Ver\u00f6ffentlichung von \u00c4nderungen an dieser Richtlinie gilt als Ihre Zustimmung zu diesen \u00c4nderungen.<\/p>\n\t\t\t\t\t\t<\/div>\n\t\t\t\t<\/div>\n\t\t\t\t\t<\/div>\n\t\t\t\t<\/div>\n\t\t\t\t<\/div>\n\t\t","protected":false},"excerpt":{"rendered":"<p>Datenschutzerkl\u00e4rung Diese Datenschutzrichtlinie regelt die Art und Weise, in der Hurtado Estates die von den Nutzern (jeweils ein &#8222;Nutzer&#8220;) der Website (&#8222;Website&#8220;) gesammelten Informationen sammelt, verwendet, pflegt und offenlegt. Diese Datenschutzrichtlinie gilt f\u00fcr die Website und alle von Hurtado Estates angebotenen Produkte und Dienstleistungen. Pers\u00f6nlich identifizierbare Informationen Wir k\u00f6nnen pers\u00f6nlich identifizierbare Informationen von Nutzern auf verschiedene Weise in Verbindung mit den Aktivit\u00e4ten, Dienstleistungen, Funktionen &#8230;<\/p>\n","protected":false},"author":1,"featured_media":0,"parent":0,"menu_order":0,"comment_status":"closed","ping_status":"closed","template":"","meta":{"footnotes":""},"class_list":["post-27480","page","type-page","status-publish","hentry"],"yoast_head":"<!-- This site is optimized with the Yoast SEO plugin v24.7 - https:\/\/yoast.com\/wordpress\/plugins\/seo\/ -->\n<title>Datenschutzerkl\u00e4rung - Hurtado Estates<\/title>\n<meta name=\"robots\" content=\"index, follow, max-snippet:-1, max-image-preview:large, max-video-preview:-1\" \/>\n<link rel=\"canonical\" href=\"https:\/\/hurtadoestates.com\/de\/datenschutzerklaerung\/\" \/>\n<meta property=\"og:locale\" content=\"de_DE\" \/>\n<meta property=\"og:type\" content=\"article\" \/>\n<meta property=\"og:title\" content=\"Datenschutzerkl\u00e4rung - Hurtado Estates\" \/>\n<meta property=\"og:description\" content=\"Datenschutzerkl\u00e4rung Diese Datenschutzrichtlinie regelt die Art und Weise, in der Hurtado Estates die von den Nutzern (jeweils ein &#8222;Nutzer&#8220;) der Website (&#8222;Website&#8220;) gesammelten Informationen sammelt, verwendet, pflegt und offenlegt. Diese Datenschutzrichtlinie gilt f\u00fcr die Website und alle von Hurtado Estates angebotenen Produkte und Dienstleistungen. Pers\u00f6nlich identifizierbare Informationen Wir k\u00f6nnen pers\u00f6nlich identifizierbare Informationen von Nutzern auf verschiedene Weise in Verbindung mit den Aktivit\u00e4ten, Dienstleistungen, Funktionen ...\" \/>\n<meta property=\"og:url\" content=\"https:\/\/hurtadoestates.com\/de\/datenschutzerklaerung\/\" \/>\n<meta property=\"og:site_name\" content=\"Hurtado Estates\" \/>\n<meta property=\"article:publisher\" content=\"https:\/\/www.facebook.com\/HurtadoEstates\" \/>\n<meta property=\"article:modified_time\" content=\"2025-02-07T17:19:04+00:00\" \/>\n<meta name=\"twitter:card\" content=\"summary_large_image\" \/>\n<meta name=\"twitter:label1\" content=\"Gesch\u00e4tzte Lesezeit\" \/>\n\t<meta name=\"twitter:data1\" content=\"3\u00a0Minuten\" \/>\n<script type=\"application\/ld+json\" class=\"yoast-schema-graph\">{\"@context\":\"https:\/\/schema.org\",\"@graph\":[{\"@type\":\"WebPage\",\"@id\":\"https:\/\/hurtadoestates.com\/de\/datenschutzerklaerung\/\",\"url\":\"https:\/\/hurtadoestates.com\/de\/datenschutzerklaerung\/\",\"name\":\"Datenschutzerkl\u00e4rung - Hurtado Estates\",\"isPartOf\":{\"@id\":\"https:\/\/hurtadoestates.com\/#website\"},\"datePublished\":\"2024-10-29T10:54:01+00:00\",\"dateModified\":\"2025-02-07T17:19:04+00:00\",\"breadcrumb\":{\"@id\":\"https:\/\/hurtadoestates.com\/de\/datenschutzerklaerung\/#breadcrumb\"},\"inLanguage\":\"de\",\"potentialAction\":[{\"@type\":\"ReadAction\",\"target\":[\"https:\/\/hurtadoestates.com\/de\/datenschutzerklaerung\/\"]}]},{\"@type\":\"BreadcrumbList\",\"@id\":\"https:\/\/hurtadoestates.com\/de\/datenschutzerklaerung\/#breadcrumb\",\"itemListElement\":[{\"@type\":\"ListItem\",\"position\":1,\"name\":\"Portada\",\"item\":\"https:\/\/hurtadoestates.com\/de\/\"},{\"@type\":\"ListItem\",\"position\":2,\"name\":\"Datenschutzerkl\u00e4rung\"}]},{\"@type\":\"WebSite\",\"@id\":\"https:\/\/hurtadoestates.com\/#website\",\"url\":\"https:\/\/hurtadoestates.com\/\",\"name\":\"Hurtado Estates\",\"description\":\"\",\"publisher\":{\"@id\":\"https:\/\/hurtadoestates.com\/#organization\"},\"potentialAction\":[{\"@type\":\"SearchAction\",\"target\":{\"@type\":\"EntryPoint\",\"urlTemplate\":\"https:\/\/hurtadoestates.com\/?s={search_term_string}\"},\"query-input\":{\"@type\":\"PropertyValueSpecification\",\"valueRequired\":true,\"valueName\":\"search_term_string\"}}],\"inLanguage\":\"de\"},{\"@type\":\"Organization\",\"@id\":\"https:\/\/hurtadoestates.com\/#organization\",\"name\":\"Hurtado Estates\",\"url\":\"https:\/\/hurtadoestates.com\/\",\"logo\":{\"@type\":\"ImageObject\",\"inLanguage\":\"de\",\"@id\":\"https:\/\/hurtadoestates.com\/#\/schema\/logo\/image\/\",\"url\":\"https:\/\/hurtado.c.wetopi.com\/wp-content\/uploads\/2024\/11\/logo-Hurtado-Estates-145px.webp\",\"contentUrl\":\"https:\/\/hurtado.c.wetopi.com\/wp-content\/uploads\/2024\/11\/logo-Hurtado-Estates-145px.webp\",\"width\":145,\"height\":51,\"caption\":\"Hurtado Estates\"},\"image\":{\"@id\":\"https:\/\/hurtadoestates.com\/#\/schema\/logo\/image\/\"},\"sameAs\":[\"https:\/\/www.facebook.com\/HurtadoEstates\",\"https:\/\/www.instagram.com\/hurtadoestates\"]}]}<\/script>\n<!-- \/ Yoast SEO plugin. -->","yoast_head_json":{"title":"Datenschutzerkl\u00e4rung - Hurtado Estates","robots":{"index":"index","follow":"follow","max-snippet":"max-snippet:-1","max-image-preview":"max-image-preview:large","max-video-preview":"max-video-preview:-1"},"canonical":"https:\/\/hurtadoestates.com\/de\/datenschutzerklaerung\/","og_locale":"de_DE","og_type":"article","og_title":"Datenschutzerkl\u00e4rung - Hurtado Estates","og_description":"Datenschutzerkl\u00e4rung Diese Datenschutzrichtlinie regelt die Art und Weise, in der Hurtado Estates die von den Nutzern (jeweils ein &#8222;Nutzer&#8220;) der Website (&#8222;Website&#8220;) gesammelten Informationen sammelt, verwendet, pflegt und offenlegt. Diese Datenschutzrichtlinie gilt f\u00fcr die Website und alle von Hurtado Estates angebotenen Produkte und Dienstleistungen. Pers\u00f6nlich identifizierbare Informationen Wir k\u00f6nnen pers\u00f6nlich identifizierbare Informationen von Nutzern auf verschiedene Weise in Verbindung mit den Aktivit\u00e4ten, Dienstleistungen, Funktionen ...","og_url":"https:\/\/hurtadoestates.com\/de\/datenschutzerklaerung\/","og_site_name":"Hurtado Estates","article_publisher":"https:\/\/www.facebook.com\/HurtadoEstates","article_modified_time":"2025-02-07T17:19:04+00:00","twitter_card":"summary_large_image","twitter_misc":{"Gesch\u00e4tzte Lesezeit":"3\u00a0Minuten"},"schema":{"@context":"https:\/\/schema.org","@graph":[{"@type":"WebPage","@id":"https:\/\/hurtadoestates.com\/de\/datenschutzerklaerung\/","url":"https:\/\/hurtadoestates.com\/de\/datenschutzerklaerung\/","name":"Datenschutzerkl\u00e4rung - Hurtado Estates","isPartOf":{"@id":"https:\/\/hurtadoestates.com\/#website"},"datePublished":"2024-10-29T10:54:01+00:00","dateModified":"2025-02-07T17:19:04+00:00","breadcrumb":{"@id":"https:\/\/hurtadoestates.com\/de\/datenschutzerklaerung\/#breadcrumb"},"inLanguage":"de","potentialAction":[{"@type":"ReadAction","target":["https:\/\/hurtadoestates.com\/de\/datenschutzerklaerung\/"]}]},{"@type":"BreadcrumbList","@id":"https:\/\/hurtadoestates.com\/de\/datenschutzerklaerung\/#breadcrumb","itemListElement":[{"@type":"ListItem","position":1,"name":"Portada","item":"https:\/\/hurtadoestates.com\/de\/"},{"@type":"ListItem","position":2,"name":"Datenschutzerkl\u00e4rung"}]},{"@type":"WebSite","@id":"https:\/\/hurtadoestates.com\/#website","url":"https:\/\/hurtadoestates.com\/","name":"Hurtado Estates","description":"","publisher":{"@id":"https:\/\/hurtadoestates.com\/#organization"},"potentialAction":[{"@type":"SearchAction","target":{"@type":"EntryPoint","urlTemplate":"https:\/\/hurtadoestates.com\/?s={search_term_string}"},"query-input":{"@type":"PropertyValueSpecification","valueRequired":true,"valueName":"search_term_string"}}],"inLanguage":"de"},{"@type":"Organization","@id":"https:\/\/hurtadoestates.com\/#organization","name":"Hurtado Estates","url":"https:\/\/hurtadoestates.com\/","logo":{"@type":"ImageObject","inLanguage":"de","@id":"https:\/\/hurtadoestates.com\/#\/schema\/logo\/image\/","url":"https:\/\/hurtado.c.wetopi.com\/wp-content\/uploads\/2024\/11\/logo-Hurtado-Estates-145px.webp","contentUrl":"https:\/\/hurtado.c.wetopi.com\/wp-content\/uploads\/2024\/11\/logo-Hurtado-Estates-145px.webp","width":145,"height":51,"caption":"Hurtado Estates"},"image":{"@id":"https:\/\/hurtadoestates.com\/#\/schema\/logo\/image\/"},"sameAs":["https:\/\/www.facebook.com\/HurtadoEstates","https:\/\/www.instagram.com\/hurtadoestates"]}]}},"_links":{"self":[{"href":"https:\/\/hurtadoestates.com\/de\/wp-json\/wp\/v2\/pages\/27480","targetHints":{"allow":["GET"]}}],"collection":[{"href":"https:\/\/hurtadoestates.com\/de\/wp-json\/wp\/v2\/pages"}],"about":[{"href":"https:\/\/hurtadoestates.com\/de\/wp-json\/wp\/v2\/types\/page"}],"author":[{"embeddable":true,"href":"https:\/\/hurtadoestates.com\/de\/wp-json\/wp\/v2\/users\/1"}],"replies":[{"embeddable":true,"href":"https:\/\/hurtadoestates.com\/de\/wp-json\/wp\/v2\/comments?post=27480"}],"version-history":[{"count":1,"href":"https:\/\/hurtadoestates.com\/de\/wp-json\/wp\/v2\/pages\/27480\/revisions"}],"predecessor-version":[{"id":27481,"href":"https:\/\/hurtadoestates.com\/de\/wp-json\/wp\/v2\/pages\/27480\/revisions\/27481"}],"wp:attachment":[{"href":"https:\/\/hurtadoestates.com\/de\/wp-json\/wp\/v2\/media?parent=27480"}],"curies":[{"name":"wp","href":"https:\/\/api.w.org\/{rel}","templated":true}]}}